{"id":2051,"date":"2024-09-14T12:58:36","date_gmt":"2024-09-14T16:58:36","guid":{"rendered":"https:\/\/abf-inc.com\/about-us\/"},"modified":"2024-10-16T15:59:47","modified_gmt":"2024-10-16T19:59:47","slug":"about-us","status":"publish","type":"page","link":"https:\/\/abf-inc.com\/en\/about-us\/","title":{"rendered":"About us"},"content":{"rendered":"\t\t<div data-elementor-type=\"wp-page\" data-elementor-id=\"2051\" class=\"elementor elementor-2051 elementor-15\" data-elementor-post-type=\"page\">\n\t\t\t\t<div class=\"elementor-element elementor-element-bde8d8d e-flex e-con-boxed e-con e-parent\" data-id=\"bde8d8d\" data-element_type=\"container\" data-e-type=\"container\" data-settings=\"{&quot;background_background&quot;:&quot;gradient&quot;,&quot;jet_parallax_layout_list&quot;:[]}\">\n\t\t\t\t\t<div class=\"e-con-inner\">\n\t\t<div class=\"elementor-element elementor-element-d97c01b e-con-full e-flex e-con e-child\" data-id=\"d97c01b\" data-element_type=\"container\" data-e-type=\"container\" data-settings=\"{&quot;background_background&quot;:&quot;classic&quot;,&quot;jet_parallax_layout_list&quot;:[]}\">\n\t\t\t\t<div class=\"elementor-element elementor-element-e25e9af elementor-hidden-mobile elementor-widget elementor-widget-heading\" data-id=\"e25e9af\" data-element_type=\"widget\" data-e-type=\"widget\" data-widget_type=\"heading.default\">\n\t\t\t\t<div class=\"elementor-widget-container\">\n\t\t\t\t\t<h2 class=\"elementor-heading-title elementor-size-default\">ABOUT US<\/h2>\t\t\t\t<\/div>\n\t\t\t\t<\/div>\n\t\t\t\t<div class=\"elementor-element elementor-element-fe9be26 elementor-nav-menu--dropdown-none elementor-hidden-mobile elementor-widget elementor-widget-nav-menu\" data-id=\"fe9be26\" data-element_type=\"widget\" data-e-type=\"widget\" data-settings=\"{&quot;layout&quot;:&quot;vertical&quot;,&quot;submenu_icon&quot;:{&quot;value&quot;:&quot;&lt;svg aria-hidden=\\&quot;true\\&quot; class=\\&quot;e-font-icon-svg e-fas-caret-down\\&quot; viewBox=\\&quot;0 0 320 512\\&quot; xmlns=\\&quot;http:\\\/\\\/www.w3.org\\\/2000\\\/svg\\&quot;&gt;&lt;path d=\\&quot;M31.3 192h257.3c17.8 0 26.7 21.5 14.1 34.1L174.1 354.8c-7.8 7.8-20.5 7.8-28.3 0L17.2 226.1C4.6 213.5 13.5 192 31.3 192z\\&quot;&gt;&lt;\\\/path&gt;&lt;\\\/svg&gt;&quot;,&quot;library&quot;:&quot;fa-solid&quot;}}\" data-widget_type=\"nav-menu.default\">\n\t\t\t\t<div class=\"elementor-widget-container\">\n\t\t\t\t\t\t\t\t<nav aria-label=\"Menu\" class=\"elementor-nav-menu--main elementor-nav-menu__container elementor-nav-menu--layout-vertical e--pointer-none\">\n\t\t\t\t<ul id=\"menu-1-fe9be26\" class=\"elementor-nav-menu sm-vertical\"><li class=\"menu-item menu-item-type-post_type menu-item-object-page menu-item-2260\"><a href=\"https:\/\/abf-inc.com\/en\/about-us\/history\/\" class=\"elementor-item\">History<\/a><\/li>\n<li class=\"menu-item menu-item-type-post_type menu-item-object-page menu-item-2261\"><a href=\"https:\/\/abf-inc.com\/en\/about-us\/team\/\" class=\"elementor-item\">Team<\/a><\/li>\n<li class=\"menu-item menu-item-type-post_type menu-item-object-page menu-item-2262\"><a href=\"https:\/\/abf-inc.com\/en\/about-us\/social-responsability\/\" class=\"elementor-item\">Social responsability<\/a><\/li>\n<li class=\"menu-item menu-item-type-post_type menu-item-object-page menu-item-2263\"><a href=\"https:\/\/abf-inc.com\/en\/about-us\/tag-newspaper\/\" class=\"elementor-item\">Le Tag newspaper<\/a><\/li>\n<\/ul>\t\t\t<\/nav>\n\t\t\t\t\t\t<nav class=\"elementor-nav-menu--dropdown elementor-nav-menu__container\" aria-hidden=\"true\">\n\t\t\t\t<ul id=\"menu-2-fe9be26\" class=\"elementor-nav-menu sm-vertical\"><li class=\"menu-item menu-item-type-post_type menu-item-object-page menu-item-2260\"><a href=\"https:\/\/abf-inc.com\/en\/about-us\/history\/\" class=\"elementor-item\" tabindex=\"-1\">History<\/a><\/li>\n<li class=\"menu-item menu-item-type-post_type menu-item-object-page menu-item-2261\"><a href=\"https:\/\/abf-inc.com\/en\/about-us\/team\/\" class=\"elementor-item\" tabindex=\"-1\">Team<\/a><\/li>\n<li class=\"menu-item menu-item-type-post_type menu-item-object-page menu-item-2262\"><a href=\"https:\/\/abf-inc.com\/en\/about-us\/social-responsability\/\" class=\"elementor-item\" tabindex=\"-1\">Social responsability<\/a><\/li>\n<li class=\"menu-item menu-item-type-post_type menu-item-object-page menu-item-2263\"><a href=\"https:\/\/abf-inc.com\/en\/about-us\/tag-newspaper\/\" class=\"elementor-item\" tabindex=\"-1\">Le Tag newspaper<\/a><\/li>\n<\/ul>\t\t\t<\/nav>\n\t\t\t\t\t\t<\/div>\n\t\t\t\t<\/div>\n\t\t\t\t<div class=\"elementor-element elementor-element-f9b7401 elementor-hidden-desktop elementor-hidden-tablet elementor-widget elementor-widget-n-accordion\" data-id=\"f9b7401\" data-element_type=\"widget\" data-e-type=\"widget\" data-settings=\"{&quot;default_state&quot;:&quot;expanded&quot;,&quot;max_items_expended&quot;:&quot;one&quot;,&quot;n_accordion_animation_duration&quot;:{&quot;unit&quot;:&quot;ms&quot;,&quot;size&quot;:400,&quot;sizes&quot;:[]}}\" data-widget_type=\"nested-accordion.default\">\n\t\t\t\t<div class=\"elementor-widget-container\">\n\t\t\t\t\t\t\t<div class=\"e-n-accordion\" aria-label=\"Accordion. Open links with Enter or Space, close with Escape, and navigate with Arrow Keys\">\n\t\t\t\t\t\t<details id=\"e-n-accordion-item-2610\" class=\"e-n-accordion-item\" open>\n\t\t\t\t<summary class=\"e-n-accordion-item-title\" data-accordion-index=\"1\" tabindex=\"0\" aria-expanded=\"true\" aria-controls=\"e-n-accordion-item-2610\" >\n\t\t\t\t\t<span class='e-n-accordion-item-title-header'><div class=\"e-n-accordion-item-title-text\"> ABOUT US <\/div><\/span>\n\t\t\t\t\t\t\t<span class='e-n-accordion-item-title-icon'>\n\t\t\t<span class='e-opened' ><svg aria-hidden=\"true\" class=\"e-font-icon-svg e-fas-chevron-up\" viewBox=\"0 0 448 512\" xmlns=\"http:\/\/www.w3.org\/2000\/svg\"><path d=\"M240.971 130.524l194.343 194.343c9.373 9.373 9.373 24.569 0 33.941l-22.667 22.667c-9.357 9.357-24.522 9.375-33.901.04L224 227.495 69.255 381.516c-9.379 9.335-24.544 9.317-33.901-.04l-22.667-22.667c-9.373-9.373-9.373-24.569 0-33.941L207.03 130.525c9.372-9.373 24.568-9.373 33.941-.001z\"><\/path><\/svg><\/span>\n\t\t\t<span class='e-closed'><svg aria-hidden=\"true\" class=\"e-font-icon-svg e-fas-chevron-down\" viewBox=\"0 0 448 512\" xmlns=\"http:\/\/www.w3.org\/2000\/svg\"><path d=\"M207.029 381.476L12.686 187.132c-9.373-9.373-9.373-24.569 0-33.941l22.667-22.667c9.357-9.357 24.522-9.375 33.901-.04L224 284.505l154.745-154.021c9.379-9.335 24.544-9.317 33.901.04l22.667 22.667c9.373 9.373 9.373 24.569 0 33.941L240.971 381.476c-9.373 9.372-24.569 9.372-33.942 0z\"><\/path><\/svg><\/span>\n\t\t<\/span>\n\n\t\t\t\t\t\t<\/summary>\n\t\t\t\t<div role=\"region\" aria-labelledby=\"e-n-accordion-item-2610\" class=\"elementor-element elementor-element-869340d e-con-full e-flex e-con e-child\" data-id=\"869340d\" data-element_type=\"container\" data-e-type=\"container\" data-settings=\"{&quot;jet_parallax_layout_list&quot;:[]}\">\n\t\t\t\t<div class=\"elementor-element elementor-element-4361360 elementor-nav-menu--dropdown-none elementor-widget elementor-widget-nav-menu\" data-id=\"4361360\" data-element_type=\"widget\" data-e-type=\"widget\" data-settings=\"{&quot;layout&quot;:&quot;vertical&quot;,&quot;submenu_icon&quot;:{&quot;value&quot;:&quot;&lt;svg aria-hidden=\\&quot;true\\&quot; class=\\&quot;e-font-icon-svg e-fas-caret-down\\&quot; viewBox=\\&quot;0 0 320 512\\&quot; xmlns=\\&quot;http:\\\/\\\/www.w3.org\\\/2000\\\/svg\\&quot;&gt;&lt;path d=\\&quot;M31.3 192h257.3c17.8 0 26.7 21.5 14.1 34.1L174.1 354.8c-7.8 7.8-20.5 7.8-28.3 0L17.2 226.1C4.6 213.5 13.5 192 31.3 192z\\&quot;&gt;&lt;\\\/path&gt;&lt;\\\/svg&gt;&quot;,&quot;library&quot;:&quot;fa-solid&quot;}}\" data-widget_type=\"nav-menu.default\">\n\t\t\t\t<div class=\"elementor-widget-container\">\n\t\t\t\t\t\t\t\t<nav aria-label=\"Menu\" class=\"elementor-nav-menu--main elementor-nav-menu__container elementor-nav-menu--layout-vertical e--pointer-none\">\n\t\t\t\t<ul id=\"menu-1-4361360\" class=\"elementor-nav-menu sm-vertical\"><li class=\"menu-item menu-item-type-post_type menu-item-object-page menu-item-2260\"><a href=\"https:\/\/abf-inc.com\/en\/about-us\/history\/\" class=\"elementor-item\">History<\/a><\/li>\n<li class=\"menu-item menu-item-type-post_type menu-item-object-page menu-item-2261\"><a href=\"https:\/\/abf-inc.com\/en\/about-us\/team\/\" class=\"elementor-item\">Team<\/a><\/li>\n<li class=\"menu-item menu-item-type-post_type menu-item-object-page menu-item-2262\"><a href=\"https:\/\/abf-inc.com\/en\/about-us\/social-responsability\/\" class=\"elementor-item\">Social responsability<\/a><\/li>\n<li class=\"menu-item menu-item-type-post_type menu-item-object-page menu-item-2263\"><a href=\"https:\/\/abf-inc.com\/en\/about-us\/tag-newspaper\/\" class=\"elementor-item\">Le Tag newspaper<\/a><\/li>\n<\/ul>\t\t\t<\/nav>\n\t\t\t\t\t\t<nav class=\"elementor-nav-menu--dropdown elementor-nav-menu__container\" aria-hidden=\"true\">\n\t\t\t\t<ul id=\"menu-2-4361360\" class=\"elementor-nav-menu sm-vertical\"><li class=\"menu-item menu-item-type-post_type menu-item-object-page menu-item-2260\"><a href=\"https:\/\/abf-inc.com\/en\/about-us\/history\/\" class=\"elementor-item\" tabindex=\"-1\">History<\/a><\/li>\n<li class=\"menu-item menu-item-type-post_type menu-item-object-page menu-item-2261\"><a href=\"https:\/\/abf-inc.com\/en\/about-us\/team\/\" class=\"elementor-item\" tabindex=\"-1\">Team<\/a><\/li>\n<li class=\"menu-item menu-item-type-post_type menu-item-object-page menu-item-2262\"><a href=\"https:\/\/abf-inc.com\/en\/about-us\/social-responsability\/\" class=\"elementor-item\" tabindex=\"-1\">Social responsability<\/a><\/li>\n<li class=\"menu-item menu-item-type-post_type menu-item-object-page menu-item-2263\"><a href=\"https:\/\/abf-inc.com\/en\/about-us\/tag-newspaper\/\" class=\"elementor-item\" tabindex=\"-1\">Le Tag newspaper<\/a><\/li>\n<\/ul>\t\t\t<\/nav>\n\t\t\t\t\t\t<\/div>\n\t\t\t\t<\/div>\n\t\t\t\t<\/div>\n\t\t\t\t\t<\/details>\n\t\t\t\t\t<\/div>\n\t\t\t\t\t\t<\/div>\n\t\t\t\t<\/div>\n\t\t\t\t<\/div>\n\t\t<div class=\"elementor-element elementor-element-531a657 e-con-full e-flex e-con e-child\" data-id=\"531a657\" data-element_type=\"container\" data-e-type=\"container\" data-settings=\"{&quot;background_background&quot;:&quot;classic&quot;,&quot;jet_parallax_layout_list&quot;:[]}\">\n\t\t\t\t<div class=\"elementor-element elementor-element-d7150ff elementor-widget elementor-widget-heading\" data-id=\"d7150ff\" data-element_type=\"widget\" data-e-type=\"widget\" data-widget_type=\"heading.default\">\n\t\t\t\t<div class=\"elementor-widget-container\">\n\t\t\t\t\t<h2 class=\"elementor-heading-title elementor-size-default\">History<\/h2>\t\t\t\t<\/div>\n\t\t\t\t<\/div>\n\t\t\t\t<div class=\"elementor-element elementor-element-5ee0907 elementor-widget elementor-widget-text-editor\" data-id=\"5ee0907\" data-element_type=\"widget\" data-e-type=\"widget\" data-widget_type=\"text-editor.default\">\n\t\t\t\t<div class=\"elementor-widget-container\">\n\t\t\t\t\t\t\t\t\t<p>Compared to where we are today, we have come a very long way since our beginnings within the reinforcing steel industry in 1976, and we are extremely proud of our history. At ABF, we have chosen to constantly expand our horizons, knowledge and wisdom by making the most out of our vast working experiences in order build a company that can meet and engage with the demands of today\u2019s construction industry. Please navigate the timeline below to discover some of the most important milestones which have allowed us to build our company and offer our current fabrication capabilities. <\/p>\n\t\t\t\t\t\t\t\t<\/div>\n\t\t\t\t<\/div>\n\t\t\t\t<\/div>\n\t\t\t\t\t<\/div>\n\t\t\t\t<\/div>\n\t\t\t\t<\/div>\n\t\t","protected":false},"excerpt":{"rendered":"<p>ABOUT US ABOUT US Histoire \u00c9quipe Responsabilit\u00e9s sociales Journal Le TAG Histoire \u00c9quipe Responsabilit\u00e9s sociales Journal Le TAG History Compared to where we are today, we have come a very long way since our beginnings within the reinforcing steel industry in 1976, and we are extremely proud of our history. At ABF, we have chosen [&hellip;]<\/p>\n","protected":false},"author":1,"featured_media":0,"parent":0,"menu_order":0,"comment_status":"closed","ping_status":"closed","template":"","meta":{"footnotes":""},"class_list":["post-2051","page","type-page","status-publish","hentry"],"yoast_head":"<!-- This site is optimized with the Yoast SEO plugin v27.5 - https:\/\/yoast.com\/product\/yoast-seo-wordpress\/ -->\n<title>About us - Armatures Bois-Francs | Fabrication d&#039;Acier d&#039;Armature<\/title>\n<meta name=\"robots\" content=\"index, follow, max-snippet:-1, max-image-preview:large, max-video-preview:-1\" \/>\n<link rel=\"canonical\" href=\"https:\/\/abf-inc.com\/en\/about-us\/\" \/>\n<meta property=\"og:locale\" content=\"en_US\" \/>\n<meta property=\"og:type\" content=\"article\" \/>\n<meta property=\"og:title\" content=\"About us - Armatures Bois-Francs | Fabrication d&#039;Acier d&#039;Armature\" \/>\n<meta property=\"og:description\" content=\"ABOUT US ABOUT US Histoire \u00c9quipe Responsabilit\u00e9s sociales Journal Le TAG Histoire \u00c9quipe Responsabilit\u00e9s sociales Journal Le TAG History Compared to where we are today, we have come a very long way since our beginnings within the reinforcing steel industry in 1976, and we are extremely proud of our history. At ABF, we have chosen [&hellip;]\" \/>\n<meta property=\"og:url\" content=\"https:\/\/abf-inc.com\/en\/about-us\/\" \/>\n<meta property=\"og:site_name\" content=\"Armatures Bois-Francs | Fabrication d&#039;Acier d&#039;Armature\" \/>\n<meta property=\"article:modified_time\" content=\"2024-10-16T19:59:47+00:00\" \/>\n<meta property=\"og:image\" content=\"https:\/\/abf-inc.com\/wp-content\/uploads\/2024\/10\/Abf-banner-1.webp\" \/>\n\t<meta property=\"og:image:width\" content=\"1200\" \/>\n\t<meta property=\"og:image:height\" content=\"675\" \/>\n\t<meta property=\"og:image:type\" content=\"image\/webp\" \/>\n<meta name=\"twitter:card\" content=\"summary_large_image\" \/>\n<meta name=\"twitter:label1\" content=\"Est. reading time\" \/>\n\t<meta name=\"twitter:data1\" content=\"1 minute\" \/>\n<script type=\"application\/ld+json\" class=\"yoast-schema-graph\">{\"@context\":\"https:\\\/\\\/schema.org\",\"@graph\":[{\"@type\":\"WebPage\",\"@id\":\"https:\\\/\\\/abf-inc.com\\\/en\\\/about-us\\\/\",\"url\":\"https:\\\/\\\/abf-inc.com\\\/en\\\/about-us\\\/\",\"name\":\"About us - Armatures Bois-Francs | Fabrication d&#039;Acier d&#039;Armature\",\"isPartOf\":{\"@id\":\"https:\\\/\\\/abf-inc.com\\\/en\\\/#website\"},\"datePublished\":\"2024-09-14T16:58:36+00:00\",\"dateModified\":\"2024-10-16T19:59:47+00:00\",\"breadcrumb\":{\"@id\":\"https:\\\/\\\/abf-inc.com\\\/en\\\/about-us\\\/#breadcrumb\"},\"inLanguage\":\"en-US\",\"potentialAction\":[{\"@type\":\"ReadAction\",\"target\":[\"https:\\\/\\\/abf-inc.com\\\/en\\\/about-us\\\/\"]}]},{\"@type\":\"BreadcrumbList\",\"@id\":\"https:\\\/\\\/abf-inc.com\\\/en\\\/about-us\\\/#breadcrumb\",\"itemListElement\":[{\"@type\":\"ListItem\",\"position\":1,\"name\":\"Home\",\"item\":\"https:\\\/\\\/abf-inc.com\\\/en\\\/\"},{\"@type\":\"ListItem\",\"position\":2,\"name\":\"About us\"}]},{\"@type\":\"WebSite\",\"@id\":\"https:\\\/\\\/abf-inc.com\\\/en\\\/#website\",\"url\":\"https:\\\/\\\/abf-inc.com\\\/en\\\/\",\"name\":\"Armatures Bois-Francs | Fabrication d'Acier d'Armature\",\"description\":\"\",\"publisher\":{\"@id\":\"https:\\\/\\\/abf-inc.com\\\/en\\\/#organization\"},\"alternateName\":\"ABF | Sp\u00e9cialistes en fourniture et installation d\u2019acier d\u2019armature\",\"potentialAction\":[{\"@type\":\"SearchAction\",\"target\":{\"@type\":\"EntryPoint\",\"urlTemplate\":\"https:\\\/\\\/abf-inc.com\\\/en\\\/?s={search_term_string}\"},\"query-input\":{\"@type\":\"PropertyValueSpecification\",\"valueRequired\":true,\"valueName\":\"search_term_string\"}}],\"inLanguage\":\"en-US\"},{\"@type\":\"Organization\",\"@id\":\"https:\\\/\\\/abf-inc.com\\\/en\\\/#organization\",\"name\":\"Armatures Bois-Francs | Fabrication d'Acier d'Armature\",\"alternateName\":\"ABF Acier d'armature\",\"url\":\"https:\\\/\\\/abf-inc.com\\\/en\\\/\",\"logo\":{\"@type\":\"ImageObject\",\"inLanguage\":\"en-US\",\"@id\":\"https:\\\/\\\/abf-inc.com\\\/en\\\/#\\\/schema\\\/logo\\\/image\\\/\",\"url\":\"https:\\\/\\\/abf-inc.com\\\/wp-content\\\/uploads\\\/2024\\\/09\\\/abf-fr.png\",\"contentUrl\":\"https:\\\/\\\/abf-inc.com\\\/wp-content\\\/uploads\\\/2024\\\/09\\\/abf-fr.png\",\"width\":93,\"height\":107,\"caption\":\"Armatures Bois-Francs | Fabrication d'Acier d'Armature\"},\"image\":{\"@id\":\"https:\\\/\\\/abf-inc.com\\\/en\\\/#\\\/schema\\\/logo\\\/image\\\/\"}}]}<\/script>\n<!-- \/ Yoast SEO plugin. -->","yoast_head_json":{"title":"About us - Armatures Bois-Francs | Fabrication d&#039;Acier d&#039;Armature","robots":{"index":"index","follow":"follow","max-snippet":"max-snippet:-1","max-image-preview":"max-image-preview:large","max-video-preview":"max-video-preview:-1"},"canonical":"https:\/\/abf-inc.com\/en\/about-us\/","og_locale":"en_US","og_type":"article","og_title":"About us - Armatures Bois-Francs | Fabrication d&#039;Acier d&#039;Armature","og_description":"ABOUT US ABOUT US Histoire \u00c9quipe Responsabilit\u00e9s sociales Journal Le TAG Histoire \u00c9quipe Responsabilit\u00e9s sociales Journal Le TAG History Compared to where we are today, we have come a very long way since our beginnings within the reinforcing steel industry in 1976, and we are extremely proud of our history. At ABF, we have chosen [&hellip;]","og_url":"https:\/\/abf-inc.com\/en\/about-us\/","og_site_name":"Armatures Bois-Francs | Fabrication d&#039;Acier d&#039;Armature","article_modified_time":"2024-10-16T19:59:47+00:00","og_image":[{"width":1200,"height":675,"url":"https:\/\/abf-inc.com\/wp-content\/uploads\/2024\/10\/Abf-banner-1.webp","type":"image\/webp"}],"twitter_card":"summary_large_image","twitter_misc":{"Est. reading time":"1 minute"},"schema":{"@context":"https:\/\/schema.org","@graph":[{"@type":"WebPage","@id":"https:\/\/abf-inc.com\/en\/about-us\/","url":"https:\/\/abf-inc.com\/en\/about-us\/","name":"About us - Armatures Bois-Francs | Fabrication d&#039;Acier d&#039;Armature","isPartOf":{"@id":"https:\/\/abf-inc.com\/en\/#website"},"datePublished":"2024-09-14T16:58:36+00:00","dateModified":"2024-10-16T19:59:47+00:00","breadcrumb":{"@id":"https:\/\/abf-inc.com\/en\/about-us\/#breadcrumb"},"inLanguage":"en-US","potentialAction":[{"@type":"ReadAction","target":["https:\/\/abf-inc.com\/en\/about-us\/"]}]},{"@type":"BreadcrumbList","@id":"https:\/\/abf-inc.com\/en\/about-us\/#breadcrumb","itemListElement":[{"@type":"ListItem","position":1,"name":"Home","item":"https:\/\/abf-inc.com\/en\/"},{"@type":"ListItem","position":2,"name":"About us"}]},{"@type":"WebSite","@id":"https:\/\/abf-inc.com\/en\/#website","url":"https:\/\/abf-inc.com\/en\/","name":"Armatures Bois-Francs | Fabrication d'Acier d'Armature","description":"","publisher":{"@id":"https:\/\/abf-inc.com\/en\/#organization"},"alternateName":"ABF | Sp\u00e9cialistes en fourniture et installation d\u2019acier d\u2019armature","potentialAction":[{"@type":"SearchAction","target":{"@type":"EntryPoint","urlTemplate":"https:\/\/abf-inc.com\/en\/?s={search_term_string}"},"query-input":{"@type":"PropertyValueSpecification","valueRequired":true,"valueName":"search_term_string"}}],"inLanguage":"en-US"},{"@type":"Organization","@id":"https:\/\/abf-inc.com\/en\/#organization","name":"Armatures Bois-Francs | Fabrication d'Acier d'Armature","alternateName":"ABF Acier d'armature","url":"https:\/\/abf-inc.com\/en\/","logo":{"@type":"ImageObject","inLanguage":"en-US","@id":"https:\/\/abf-inc.com\/en\/#\/schema\/logo\/image\/","url":"https:\/\/abf-inc.com\/wp-content\/uploads\/2024\/09\/abf-fr.png","contentUrl":"https:\/\/abf-inc.com\/wp-content\/uploads\/2024\/09\/abf-fr.png","width":93,"height":107,"caption":"Armatures Bois-Francs | Fabrication d'Acier d'Armature"},"image":{"@id":"https:\/\/abf-inc.com\/en\/#\/schema\/logo\/image\/"}}]}},"_links":{"self":[{"href":"https:\/\/abf-inc.com\/en\/wp-json\/wp\/v2\/pages\/2051","targetHints":{"allow":["GET"]}}],"collection":[{"href":"https:\/\/abf-inc.com\/en\/wp-json\/wp\/v2\/pages"}],"about":[{"href":"https:\/\/abf-inc.com\/en\/wp-json\/wp\/v2\/types\/page"}],"author":[{"embeddable":true,"href":"https:\/\/abf-inc.com\/en\/wp-json\/wp\/v2\/users\/1"}],"replies":[{"embeddable":true,"href":"https:\/\/abf-inc.com\/en\/wp-json\/wp\/v2\/comments?post=2051"}],"version-history":[{"count":1,"href":"https:\/\/abf-inc.com\/en\/wp-json\/wp\/v2\/pages\/2051\/revisions"}],"predecessor-version":[{"id":2052,"href":"https:\/\/abf-inc.com\/en\/wp-json\/wp\/v2\/pages\/2051\/revisions\/2052"}],"wp:attachment":[{"href":"https:\/\/abf-inc.com\/en\/wp-json\/wp\/v2\/media?parent=2051"}],"curies":[{"name":"wp","href":"https:\/\/api.w.org\/{rel}","templated":true}]}}